{"id":39,"date":"2023-08-31T10:37:09","date_gmt":"2023-08-31T13:37:09","guid":{"rendered":"https:\/\/projetonutri.maivawebdesigner.com\/?page_id=39"},"modified":"2023-08-31T10:43:59","modified_gmt":"2023-08-31T13:43:59","slug":"pos-graduacao","status":"publish","type":"page","link":"https:\/\/projetonutri.maivawebdesigner.com\/?page_id=39","title":{"rendered":"P\u00d3S-GRADUA\u00c7\u00c3O"},"content":{"rendered":"","protected":false},"excerpt":{"rendered":"","protected":false},"author":1,"featured_media":0,"parent":0,"menu_order":0,"comment_status":"closed","ping_status":"closed","template":"","meta":{"footnotes":""},"_links":{"self":[{"href":"https:\/\/projetonutri.maivawebdesigner.com\/index.php?rest_route=\/wp\/v2\/pages\/39"}],"collection":[{"href":"https:\/\/projetonutri.maivawebdesigner.com\/index.php?rest_route=\/wp\/v2\/pages"}],"about":[{"href":"https:\/\/projetonutri.maivawebdesigner.com\/index.php?rest_route=\/wp\/v2\/types\/page"}],"author":[{"embeddable":true,"href":"https:\/\/projetonutri.maivawebdesigner.com\/index.php?rest_route=\/wp\/v2\/users\/1"}],"replies":[{"embeddable":true,"href":"https:\/\/projetonutri.maivawebdesigner.com\/index.php?rest_route=%2Fwp%2Fv2%2Fcomments&post=39"}],"version-history":[{"count":2,"href":"https:\/\/projetonutri.maivawebdesigner.com\/index.php?rest_route=\/wp\/v2\/pages\/39\/revisions"}],"predecessor-version":[{"id":70,"href":"https:\/\/projetonutri.maivawebdesigner.com\/index.php?rest_route=\/wp\/v2\/pages\/39\/revisions\/70"}],"wp:attachment":[{"href":"https:\/\/projetonutri.maivawebdesigner.com\/index.php?rest_route=%2Fwp%2Fv2%2Fmedia&parent=39"}],"curies":[{"name":"wp","href":"https:\/\/api.w.org\/{rel}","templated":true}]}}